{"id":32,"date":"2022-07-30T16:39:32","date_gmt":"2022-07-30T16:39:32","guid":{"rendered":"https:\/\/imgra-dom.hr\/?page_id=32"},"modified":"2024-06-17T10:18:51","modified_gmt":"2024-06-17T10:18:51","slug":"o-nama","status":"publish","type":"page","link":"https:\/\/imgra-dom.hr\/index.php\/o-nama\/","title":{"rendered":"O nama"},"content":{"rendered":"\t\t<div data-elementor-type=\"wp-page\" data-elementor-id=\"32\" class=\"elementor elementor-32\">\n\t\t\t\t\t\t\t\t\t<section class=\"elementor-section elementor-top-section elementor-element elementor-element-9f30b79 elementor-section-boxed elementor-section-height-default elementor-section-height-default\" data-id=\"9f30b79\" data-element_type=\"section\" data-settings=\"{&quot;background_background&quot;:&quot;classic&quot;}\">\n\t\t\t\t\t\t\t<div class=\"elementor-background-overlay\"><\/div>\n\t\t\t\t\t\t\t<div class=\"elementor-container elementor-column-gap-default\">\n\t\t\t\t\t<div class=\"elementor-column elementor-col-100 elementor-top-column elementor-element elementor-element-ae1d51c\" data-id=\"ae1d51c\" data-element_type=\"column\">\n\t\t\t<div class=\"elementor-widget-wrap elementor-element-populated\">\n\t\t\t\t\t\t\t\t<div class=\"elementor-element elementor-element-e721303 elementor-widget elementor-widget-heading\" data-id=\"e721303\" data-element_type=\"widget\" data-widget_type=\"heading.default\">\n\t\t\t\t<div class=\"elementor-widget-container\">\n\t\t\t<style>\/*! elementor - v3.15.0 - 20-08-2023 *\/\n.elementor-heading-title{padding:0;margin:0;line-height:1}.elementor-widget-heading .elementor-heading-title[class*=elementor-size-]>a{color:inherit;font-size:inherit;line-height:inherit}.elementor-widget-heading .elementor-heading-title.elementor-size-small{font-size:15px}.elementor-widget-heading .elementor-heading-title.elementor-size-medium{font-size:19px}.elementor-widget-heading .elementor-heading-title.elementor-size-large{font-size:29px}.elementor-widget-heading .elementor-heading-title.elementor-size-xl{font-size:39px}.elementor-widget-heading .elementor-heading-title.elementor-size-xxl{font-size:59px}<\/style><h2 class=\"elementor-heading-title elementor-size-default\">O nama<\/h2>\t\t<\/div>\n\t\t\t\t<\/div>\n\t\t\t\t\t<\/div>\n\t\t<\/div>\n\t\t\t\t\t\t\t<\/div>\n\t\t<\/section>\n\t\t\t\t<section class=\"elementor-section elementor-top-section elementor-element elementor-element-5c192fc elementor-section-boxed elementor-section-height-default elementor-section-height-default\" data-id=\"5c192fc\" data-element_type=\"section\">\n\t\t\t\t\t\t\t<div class=\"elementor-background-overlay\"><\/div>\n\t\t\t\t\t\t\t<div class=\"elementor-container elementor-column-gap-default\">\n\t\t\t\t\t<div class=\"elementor-column elementor-col-100 elementor-top-column elementor-element elementor-element-2c08db5\" data-id=\"2c08db5\" data-element_type=\"column\">\n\t\t\t<div class=\"elementor-widget-wrap elementor-element-populated\">\n\t\t\t\t\t\t\t\t<div class=\"elementor-element elementor-element-7c99aec elementor-widget elementor-widget-heading\" data-id=\"7c99aec\" data-element_type=\"widget\" data-widget_type=\"heading.default\">\n\t\t\t\t<div class=\"elementor-widget-container\">\n\t\t\t<h2 class=\"elementor-heading-title elementor-size-large\">Gra\u0111evinska tvrtka IMGRA DOM je specijalizirani i certificirani izvo\u0111a\u010d radova za fasadne sustave, sustave suhe gradnje, protupotresne sustave i hidroizolacije. Svojim znanjem i tehni\u010dkom podr\u0161kom na\u0161ih partnera pru\u017eamo kvalitetne usluge za koje dajemo garanciju. Stalnim ulaganjem u edukacije i opremu pratimo trendove te tako osiguravamo kvalitetu i zadovoljavamo sve ekolo\u0161ke uvjete.<\/h2>\t\t<\/div>\n\t\t\t\t<\/div>\n\t\t\t\t\t<\/div>\n\t\t<\/div>\n\t\t\t\t\t\t\t<\/div>\n\t\t<\/section>\n\t\t\t\t<section class=\"elementor-section elementor-top-section elementor-element elementor-element-8cf38e7 elementor-section-boxed elementor-section-height-default elementor-section-height-default\" data-id=\"8cf38e7\" data-element_type=\"section\">\n\t\t\t\t\t\t\t<div class=\"elementor-background-overlay\"><\/div>\n\t\t\t\t\t\t\t<div class=\"elementor-container elementor-column-gap-default\">\n\t\t\t\t\t<div class=\"elementor-column elementor-col-100 elementor-top-column elementor-element elementor-element-115cfe2\" data-id=\"115cfe2\" data-element_type=\"column\">\n\t\t\t<div class=\"elementor-widget-wrap elementor-element-populated\">\n\t\t\t\t\t\t\t\t<div class=\"elementor-element elementor-element-9a89c87 elementor-widget elementor-widget-image\" data-id=\"9a89c87\" data-element_type=\"widget\" data-widget_type=\"image.default\">\n\t\t\t\t<div class=\"elementor-widget-container\">\n\t\t\t<style>\/*! elementor - v3.15.0 - 20-08-2023 *\/\n.elementor-widget-image{text-align:center}.elementor-widget-image a{display:inline-block}.elementor-widget-image a img[src$=\".svg\"]{width:48px}.elementor-widget-image img{vertical-align:middle;display:inline-block}<\/style>\t\t\t\t\t\t\t\t\t\t\t\t<img loading=\"lazy\" decoding=\"async\" width=\"725\" height=\"410\" src=\"https:\/\/imgra-dom.hr\/wp-content\/uploads\/2022\/07\/LOGO-IMGRA-DOM-\u2013-kopija.png\" class=\"attachment-large size-large wp-image-219\" alt=\"\" srcset=\"https:\/\/imgra-dom.hr\/wp-content\/uploads\/2022\/07\/LOGO-IMGRA-DOM-\u2013-kopija.png 725w, https:\/\/imgra-dom.hr\/wp-content\/uploads\/2022\/07\/LOGO-IMGRA-DOM-\u2013-kopija-300x170.png 300w\" sizes=\"auto, (max-width: 725px) 100vw, 725px\" \/>\t\t\t\t\t\t\t\t\t\t\t\t\t\t\t<\/div>\n\t\t\t\t<\/div>\n\t\t\t\t\t<\/div>\n\t\t<\/div>\n\t\t\t\t\t\t\t<\/div>\n\t\t<\/section>\n\t\t\t\t<section class=\"elementor-section elementor-top-section elementor-element elementor-element-90f956c elementor-section-boxed elementor-section-height-default elementor-section-height-default\" data-id=\"90f956c\" data-element_type=\"section\">\n\t\t\t\t\t\t\t<div class=\"elementor-background-overlay\"><\/div>\n\t\t\t\t\t\t\t<div class=\"elementor-container elementor-column-gap-default\">\n\t\t\t\t\t<div class=\"elementor-column elementor-col-25 elementor-top-column elementor-element elementor-element-e4d1b7c\" data-id=\"e4d1b7c\" data-element_type=\"column\">\n\t\t\t<div class=\"elementor-widget-wrap elementor-element-populated\">\n\t\t\t\t\t\t\t\t<div class=\"elementor-element elementor-element-cd2d6b7 elementor-widget elementor-widget-image\" data-id=\"cd2d6b7\" data-element_type=\"widget\" data-widget_type=\"image.default\">\n\t\t\t\t<div class=\"elementor-widget-container\">\n\t\t\t\t\t\t\t\t\t\t\t\t\t\t\t<img loading=\"lazy\" decoding=\"async\" width=\"377\" height=\"352\" src=\"https:\/\/imgra-dom.hr\/wp-content\/uploads\/2023\/08\/baumit.png\" class=\"attachment-large size-large wp-image-330\" alt=\"\" srcset=\"https:\/\/imgra-dom.hr\/wp-content\/uploads\/2023\/08\/baumit.png 377w, https:\/\/imgra-dom.hr\/wp-content\/uploads\/2023\/08\/baumit-300x280.png 300w\" sizes=\"auto, (max-width: 377px) 100vw, 377px\" \/>\t\t\t\t\t\t\t\t\t\t\t\t\t\t\t<\/div>\n\t\t\t\t<\/div>\n\t\t\t\t\t<\/div>\n\t\t<\/div>\n\t\t\t\t<div class=\"elementor-column elementor-col-25 elementor-top-column elementor-element elementor-element-ef6f6f8\" data-id=\"ef6f6f8\" data-element_type=\"column\">\n\t\t\t<div class=\"elementor-widget-wrap elementor-element-populated\">\n\t\t\t\t\t\t\t\t<div class=\"elementor-element elementor-element-402256c elementor-widget elementor-widget-image\" data-id=\"402256c\" data-element_type=\"widget\" data-widget_type=\"image.default\">\n\t\t\t\t<div class=\"elementor-widget-container\">\n\t\t\t\t\t\t\t\t\t\t\t\t\t\t\t<img loading=\"lazy\" decoding=\"async\" width=\"408\" height=\"120\" src=\"https:\/\/imgra-dom.hr\/wp-content\/uploads\/2022\/07\/Mapei-logo.png\" class=\"attachment-large size-large wp-image-126\" alt=\"\" srcset=\"https:\/\/imgra-dom.hr\/wp-content\/uploads\/2022\/07\/Mapei-logo.png 408w, https:\/\/imgra-dom.hr\/wp-content\/uploads\/2022\/07\/Mapei-logo-300x88.png 300w\" sizes=\"auto, (max-width: 408px) 100vw, 408px\" \/>\t\t\t\t\t\t\t\t\t\t\t\t\t\t\t<\/div>\n\t\t\t\t<\/div>\n\t\t\t\t\t<\/div>\n\t\t<\/div>\n\t\t\t\t<div class=\"elementor-column elementor-col-25 elementor-top-column elementor-element elementor-element-38af7f2\" data-id=\"38af7f2\" data-element_type=\"column\">\n\t\t\t<div class=\"elementor-widget-wrap elementor-element-populated\">\n\t\t\t\t\t\t\t\t<div class=\"elementor-element elementor-element-57c6005 elementor-widget elementor-widget-image\" data-id=\"57c6005\" data-element_type=\"widget\" data-widget_type=\"image.default\">\n\t\t\t\t<div class=\"elementor-widget-container\">\n\t\t\t\t\t\t\t\t\t\t\t\t\t\t\t<img loading=\"lazy\" decoding=\"async\" width=\"1024\" height=\"407\" src=\"https:\/\/imgra-dom.hr\/wp-content\/uploads\/2022\/07\/weber-logo-1024x407.png\" class=\"attachment-large size-large wp-image-136\" alt=\"\" srcset=\"https:\/\/imgra-dom.hr\/wp-content\/uploads\/2022\/07\/weber-logo-1024x407.png 1024w, https:\/\/imgra-dom.hr\/wp-content\/uploads\/2022\/07\/weber-logo-300x119.png 300w, https:\/\/imgra-dom.hr\/wp-content\/uploads\/2022\/07\/weber-logo-768x305.png 768w, https:\/\/imgra-dom.hr\/wp-content\/uploads\/2022\/07\/weber-logo-1536x610.png 1536w, https:\/\/imgra-dom.hr\/wp-content\/uploads\/2022\/07\/weber-logo.png 1753w\" sizes=\"auto, (max-width: 1024px) 100vw, 1024px\" \/>\t\t\t\t\t\t\t\t\t\t\t\t\t\t\t<\/div>\n\t\t\t\t<\/div>\n\t\t\t\t\t<\/div>\n\t\t<\/div>\n\t\t\t\t<div class=\"elementor-column elementor-col-25 elementor-top-column elementor-element elementor-element-14a838f\" data-id=\"14a838f\" data-element_type=\"column\">\n\t\t\t<div class=\"elementor-widget-wrap elementor-element-populated\">\n\t\t\t\t\t\t\t\t<div class=\"elementor-element elementor-element-ca9d7d1 elementor-widget elementor-widget-image\" data-id=\"ca9d7d1\" data-element_type=\"widget\" data-widget_type=\"image.default\">\n\t\t\t\t<div class=\"elementor-widget-container\">\n\t\t\t\t\t\t\t\t\t\t\t\t\t\t\t<img loading=\"lazy\" decoding=\"async\" width=\"210\" height=\"90\" src=\"https:\/\/imgra-dom.hr\/wp-content\/uploads\/2022\/07\/rigips-logo.png\" class=\"attachment-large size-large wp-image-137\" alt=\"\" \/>\t\t\t\t\t\t\t\t\t\t\t\t\t\t\t<\/div>\n\t\t\t\t<\/div>\n\t\t\t\t\t<\/div>\n\t\t<\/div>\n\t\t\t\t\t\t\t<\/div>\n\t\t<\/section>\n\t\t\t\t\t\t\t<\/div>\n\t\t","protected":false},"excerpt":{"rendered":"<p>O nama Gra\u0111evinska tvrtka IMGRA DOM je specijalizirani i certificirani izvo\u0111a\u010d radova za fasadne sustave, sustave suhe gradnje, protupotresne sustave i hidroizolacije. Svojim znanjem i tehni\u010dkom podr\u0161kom na\u0161ih partnera pru\u017eamo kvalitetne usluge za koje dajemo garanciju. Stalnim ulaganjem u edukacije i opremu pratimo trendove te tako osiguravamo kvalitetu i zadovoljavamo sve ekolo\u0161ke uvjete.<\/p>\n","protected":false},"author":1,"featured_media":0,"parent":0,"menu_order":0,"comment_status":"closed","ping_status":"closed","template":"","meta":{"site-sidebar-layout":"no-sidebar","site-content-layout":"page-builder","ast-global-header-display":"","ast-main-header-display":"","ast-hfb-above-header-display":"","ast-hfb-below-header-display":"","ast-hfb-mobile-header-display":"","site-post-title":"disabled","ast-breadcrumbs-content":"","ast-featured-img":"disabled","footer-sml-layout":"","theme-transparent-header-meta":"","adv-header-id-meta":"","stick-header-meta":"","header-above-stick-meta":"","header-main-stick-meta":"","header-below-stick-meta":"","footnotes":""},"class_list":["post-32","page","type-page","status-publish","hentry"],"_links":{"self":[{"href":"https:\/\/imgra-dom.hr\/index.php\/wp-json\/wp\/v2\/pages\/32","targetHints":{"allow":["GET"]}}],"collection":[{"href":"https:\/\/imgra-dom.hr\/index.php\/wp-json\/wp\/v2\/pages"}],"about":[{"href":"https:\/\/imgra-dom.hr\/index.php\/wp-json\/wp\/v2\/types\/page"}],"author":[{"embeddable":true,"href":"https:\/\/imgra-dom.hr\/index.php\/wp-json\/wp\/v2\/users\/1"}],"replies":[{"embeddable":true,"href":"https:\/\/imgra-dom.hr\/index.php\/wp-json\/wp\/v2\/comments?post=32"}],"version-history":[{"count":22,"href":"https:\/\/imgra-dom.hr\/index.php\/wp-json\/wp\/v2\/pages\/32\/revisions"}],"predecessor-version":[{"id":429,"href":"https:\/\/imgra-dom.hr\/index.php\/wp-json\/wp\/v2\/pages\/32\/revisions\/429"}],"wp:attachment":[{"href":"https:\/\/imgra-dom.hr\/index.php\/wp-json\/wp\/v2\/media?parent=32"}],"curies":[{"name":"wp","href":"https:\/\/api.w.org\/{rel}","templated":true}]}}